{"id":6906,"date":"2021-12-23T07:13:38","date_gmt":"2021-12-23T07:13:38","guid":{"rendered":"http:\/\/172.16.0.85\/?page_id=6906"},"modified":"2024-05-29T14:23:01","modified_gmt":"2024-05-29T14:23:01","slug":"direccion-de-gestion-de-la-investigacion","status":"publish","type":"page","link":"https:\/\/vri.lamolina.edu.pe\/en\/about-us\/direccion-de-gestion-de-la-investigacion\/","title":{"rendered":"Direcci\u00f3n de Gesti\u00f3n de la investigaci\u00f3n"},"content":{"rendered":"","protected":false},"excerpt":{"rendered":"","protected":false},"author":1,"featured_media":0,"parent":31,"menu_order":24,"comment_status":"closed","ping_status":"closed","template":"","meta":{"_acf_changed":false,"footnotes":""},"class_list":["post-6906","page","type-page","status-publish","hentry"],"acf":[],"_links":{"self":[{"href":"https:\/\/vri.lamolina.edu.pe\/en\/wp-json\/wp\/v2\/pages\/6906","targetHints":{"allow":["GET"]}}],"collection":[{"href":"https:\/\/vri.lamolina.edu.pe\/en\/wp-json\/wp\/v2\/pages"}],"about":[{"href":"https:\/\/vri.lamolina.edu.pe\/en\/wp-json\/wp\/v2\/types\/page"}],"author":[{"embeddable":true,"href":"https:\/\/vri.lamolina.edu.pe\/en\/wp-json\/wp\/v2\/users\/1"}],"replies":[{"embeddable":true,"href":"https:\/\/vri.lamolina.edu.pe\/en\/wp-json\/wp\/v2\/comments?post=6906"}],"version-history":[{"count":9,"href":"https:\/\/vri.lamolina.edu.pe\/en\/wp-json\/wp\/v2\/pages\/6906\/revisions"}],"predecessor-version":[{"id":13116,"href":"https:\/\/vri.lamolina.edu.pe\/en\/wp-json\/wp\/v2\/pages\/6906\/revisions\/13116"}],"up":[{"embeddable":true,"href":"https:\/\/vri.lamolina.edu.pe\/en\/wp-json\/wp\/v2\/pages\/31"}],"wp:attachment":[{"href":"https:\/\/vri.lamolina.edu.pe\/en\/wp-json\/wp\/v2\/media?parent=6906"}],"curies":[{"name":"wp","href":"https:\/\/api.w.org\/{rel}","templated":true}]}}